{"id":58903,"date":"2025-08-25T09:55:12","date_gmt":"2025-08-25T07:55:12","guid":{"rendered":"http:\/\/www.consultoracronuts.com.mialias.net\/politica-de-privadesa\/"},"modified":"2026-05-01T19:28:39","modified_gmt":"2026-05-01T17:28:39","slug":"politica-de-privacitat","status":"publish","type":"page","link":"https:\/\/cronuts.digital\/ca\/politica-de-privacitat\/","title":{"rendered":"Pol\u00edtica de privadesa"},"content":{"rendered":"\n<h2 class=\"wp-block-heading\" id=\"h-politica-de-privacidad\">Pol\u00edtica de privadesa<\/h2>\n\n<h3 class=\"wp-block-heading\" id=\"h-responsable-del-tratamiento\">Responsable del tractament<\/h3>\n\n<p>CRONUTS DIGITAL SL \u00e9s la responsable de salvaguardar els teus drets i respondre les consultes sobre la protecci\u00f3 de les teves dades. Podeu posar-vos en contacte amb nosaltres a trav\u00e9s del correu <strong><a href=\"mailto:info@cronuts.digital\">info@cronuts.digital<\/a><\/strong> o tel\u00e8fon +34 645 25 73 65. <\/p>\n\n<h3 class=\"wp-block-heading\" id=\"h-finalidad-del-tratamiento\">Finalitat del tractament<\/h3>\n\n<p>Les dades personals de clients es destinaran a la prestaci\u00f3 dels serveis que es tinguen contractats.<\/p>\n\n<p>Les dades personals de no clients demanades a trav\u00e9s de la p\u00e0gina web s&#8217;utilitzaran per poder contestar les consultes plantejades i enviar a l&#8217;usuari la informaci\u00f3 sol\u00b7licitada a trav\u00e9s del correu electr\u00f2nic o tel\u00e8fon indicats al formulari.<\/p>\n\n<h3 class=\"wp-block-heading\" id=\"h-legitimacion-del-tratamiento\">Legitimaci\u00f3 del tractament<\/h3>\n\n<ol start=\"3\" class=\"wp-block-list\">\n<li><\/li>\n<\/ol>\n\n<p>Relaci\u00f3 contractual de prestaci\u00f3 de serveis de consultoria de m\u00e0rqueting en l\u00ednia.<\/p>\n\n<p>Inter\u00e8s leg\u00edtim: Hi haur\u00e0 algunes circumst\u00e0ncies i situacions en qu\u00e8 tractarem les teves dades personals per als nostres interessos comercials leg\u00edtims. El nostre inter\u00e8s leg\u00edtim pot ser un benefici comercial o social i perqu\u00e8 puguem fer aquest tractament, sempre mantindrem l&#8217;equilibri entre els nostres interessos i els teus per garantir que sigui just. <\/p>\n\n<h3 class=\"wp-block-heading\" id=\"h-conservacion\">Conservaci\u00f3<\/h3>\n\n<ol start=\"4\" class=\"wp-block-list\">\n<li><\/li>\n<\/ol>\n\n<p>A CRONUTS DIGITAL SL conservarem les teves dades mentre les necessitem per a la prestaci\u00f3 dels serveis o fins que ens sol\u00b7liciti la teva oposici\u00f3 de conformitat amb all\u00f2 establert a l&#8217;apartat \u201cDrets\u201d d&#8217;aquesta pol\u00edtica de privadesa.<\/p>\n\n<h3 class=\"wp-block-heading\" id=\"h-destinatarios\">Destinataris<\/h3>\n\n<ol start=\"5\" class=\"wp-block-list\">\n<li><\/li>\n<\/ol>\n\n<p>Les dades personals demanades de clients seran destinades a les finalitats pr\u00f2pies del servei. Les dades personals demanades de no clients no es remetran a altres entitats. <\/p>\n\n<h3 class=\"wp-block-heading\" id=\"h-derechos\">Drets<\/h3>\n\n<ol start=\"6\" class=\"wp-block-list\">\n<li><\/li>\n<\/ol>\n\n<ul class=\"wp-block-list\">\n<li><strong>Dret d&#8217;acc\u00e9s<\/strong> : Aquest dret us permet con\u00e8ixer quines dades personals CRONUTS DIGITAL SL<\/li>\n\n\n\n<li><strong>Dret de rectificaci\u00f3<\/strong> : Aquest dret et permet sol\u00b7licitar la rectificaci\u00f3 de les dades inexactes.<\/li>\n\n\n\n<li><strong>Dret de supressi\u00f3:<\/strong> Aquest dret et permet la supressi\u00f3 de les seves dades quan no siguin necess\u00e0ries per als fins per als quals van ser recollits.<\/li>\n\n\n\n<li><strong>Dret de la limitaci\u00f3 del tractament<\/strong> : Aquest dret et permet sol\u00b7licitar al responsable, que suspenguem el tractament de dades quan a) impugnes l&#8217;exactitud d&#8217;aquestes, mentre es verifica aquesta exactitud pel responsable b) en aquells casos en qu\u00e8 exercitis el dret d&#8217;oposici\u00f3 al tractament de dades, mentre es verifica si els motius leg\u00edtims del responsable prevalen. Aquest dret tamb\u00e9 et permet sol\u00b7licitar-nos que conservem les teves dades personals quan a) el tractament de dades sigui il\u00b7l\u00edcit per\u00f2 t&#8217;oposis a la supressi\u00f3 de les teves dades i sol\u00b7licitis al seu lloc la limitaci\u00f3 del seu \u00fas ob) Ja no necessitem les dades per als fins del tractament per\u00f2 l&#8217;interessat si les necessita per a la formulaci\u00f3, exercici o defensa de reclamacions.     <\/li>\n\n\n\n<li><strong>Dret d&#8217;oposici\u00f3<\/strong> : Aquest dret et permet oposar-te al tractament quan hi hagi motius fundats relacionats amb la teva situaci\u00f3 personal o b\u00e9 oposar-te a les accions de prospecci\u00f3 comercial. Deixarem de tractar les dades, llevat que el tractament obeeixi a motius leg\u00edtims o l&#8217;exercici o la defensa de possibles reclamacions. <\/li>\n\n\n\n<li><strong>Dret a la portabilitat de les dades<\/strong> : Aquest dret et permet sol\u00b7licitar la portabilitat de les teves dades a un altre responsable del tractament. Aquest dret us permet rebre les vostres dades personals facilitades en un format estructurat, d&#8217;\u00fas com\u00fa i lectura mec\u00e0nica, i poder transmetre-les a un altre responsable, sempre que sigui t\u00e8cnicament possible. <\/li>\n\n\n\n<li><strong>Dret a revocar el consentiment<\/strong> Aquest dret et permet revocar el consentiment atorgat.<\/li>\n<\/ul>\n\n<p>Pots exercitar aquests drets enviant la teva sol\u00b7licitud al correu <strong><u><a href=\"mailto:info@cronuts.digital\">info@cronuts.digital<\/a><\/u> ,<\/strong> o correu postal Carrer d&#8217;Aribau, 205, 3\u00aa planta Porta 1, 08021 Barcelona, Espanya adjuntant fotoc\u00f2pia del DNI i indicant el dret que exercita.<\/p>\n\n<p>Un cop rebuda la petici\u00f3 l&#8217;analitzarem i complirem amb la sol\u00b7licitud. En cas que no sigui pertinent o que, pel cas concret, no es pugui concedir l&#8217;exercici del dret sol\u00b7licitat ho comunicarem a l&#8217;interessat als efectes que pugui interposar les reclamacions corresponents. <\/p>\n\n<p>Respondrem a la teva sol\u00b7licitud dins dels terminis establerts legalment, tret que per problemes que estiguin fora del nostre abast no ho puguem dur a terme. En aquest cas, us informarem dels motius i dels terminis previstos de resoluci\u00f3. <\/p>\n\n<p>En qualsevol cas, podeu acudir a l&#8217;ag\u00e8ncia espanyola de protecci\u00f3 de dades si considereu que s&#8217;han vulnerat les disposicions vigents en mat\u00e8ria de protecci\u00f3 de dades. A la seva p\u00e0gina web pots trobar informaci\u00f3 addicional i complement\u00e0ria sobre tots aquests drets: <strong><a href=\"http:\/\/www.agpd.es\/\">www.agpd.es<\/a><\/strong> <\/p>\n","protected":false},"excerpt":{"rendered":"<p>Pol\u00edtica de privadesa Responsable del tractament CRONUTS DIGITAL SL \u00e9s la responsable de salvaguardar els teus drets i respondre les consultes sobre la protecci\u00f3 de les teves dades. Podeu posar-vos en contacte amb nosaltres a trav\u00e9s del correu info@cronuts.digital o tel\u00e8fon +34 645 25 73 65. Finalitat del tractament Les dades personals de clients es [&hellip;]<\/p>\n","protected":false},"author":4,"featured_media":0,"parent":0,"menu_order":0,"comment_status":"closed","ping_status":"closed","template":"","meta":{"_acf_changed":false,"footnotes":""},"class_list":["post-58903","page","type-page","status-publish","hentry"],"acf":[],"yoast_head":"<!-- This site is optimized with the Yoast SEO Premium plugin v23.7 (Yoast SEO v27.5) - https:\/\/yoast.com\/product\/yoast-seo-premium-wordpress\/ -->\n<title>Pol\u00edtica de privadesa - CRONUTS.DIGITAL<\/title>\n<meta name=\"robots\" content=\"noindex, nofollow\" \/>\n<meta property=\"og:locale\" content=\"ca_ES\" \/>\n<meta property=\"og:type\" content=\"article\" \/>\n<meta property=\"og:title\" content=\"Pol\u00edtica de privadesa\" \/>\n<meta property=\"og:description\" content=\"Pol\u00edtica de privadesa Responsable del tractament CRONUTS DIGITAL SL \u00e9s la responsable de salvaguardar els teus drets i respondre les consultes sobre la protecci\u00f3 de les teves dades. Podeu posar-vos en contacte amb nosaltres a trav\u00e9s del correu info@cronuts.digital o tel\u00e8fon +34 645 25 73 65. Finalitat del tractament Les dades personals de clients es [&hellip;]\" \/>\n<meta property=\"og:url\" content=\"https:\/\/cronuts.digital\/ca\/politica-de-privacitat\/\" \/>\n<meta property=\"og:site_name\" content=\"CRONUTS.DIGITAL\" \/>\n<meta property=\"article:publisher\" content=\"https:\/\/www.facebook.com\/cronutsdigital\/\" \/>\n<meta property=\"article:modified_time\" content=\"2026-05-01T17:28:39+00:00\" \/>\n<meta property=\"og:image\" content=\"https:\/\/cronuts.digital\/wp-content\/uploads\/2026\/04\/og-image-cronuts-digital-2026-scaled.jpg\" \/>\n\t<meta property=\"og:image:width\" content=\"2560\" \/>\n\t<meta property=\"og:image:height\" content=\"1429\" \/>\n\t<meta property=\"og:image:type\" content=\"image\/jpeg\" \/>\n<meta name=\"twitter:card\" content=\"summary_large_image\" \/>\n<meta name=\"twitter:site\" content=\"@cronuts_digital\" \/>\n<meta name=\"twitter:label1\" content=\"Temps estimat de lectura\" \/>\n\t<meta name=\"twitter:data1\" content=\"4 minuts\" \/>\n<script type=\"application\/ld+json\" class=\"yoast-schema-graph\">{\"@context\":\"https:\\\/\\\/schema.org\",\"@graph\":[{\"@type\":\"WebPage\",\"@id\":\"https:\\\/\\\/cronuts.digital\\\/ca\\\/politica-de-privacitat\\\/\",\"url\":\"https:\\\/\\\/cronuts.digital\\\/ca\\\/politica-de-privacitat\\\/\",\"name\":\"Pol\u00edtica de privadesa - CRONUTS.DIGITAL\",\"isPartOf\":{\"@id\":\"https:\\\/\\\/cronuts.digital\\\/ca\\\/#website\"},\"datePublished\":\"2025-08-25T07:55:12+00:00\",\"dateModified\":\"2026-05-01T17:28:39+00:00\",\"breadcrumb\":{\"@id\":\"https:\\\/\\\/cronuts.digital\\\/ca\\\/politica-de-privacitat\\\/#breadcrumb\"},\"inLanguage\":\"ca\",\"potentialAction\":[{\"@type\":\"ReadAction\",\"target\":[\"https:\\\/\\\/cronuts.digital\\\/ca\\\/politica-de-privacitat\\\/\"]}]},{\"@type\":\"BreadcrumbList\",\"@id\":\"https:\\\/\\\/cronuts.digital\\\/ca\\\/politica-de-privacitat\\\/#breadcrumb\",\"itemListElement\":[{\"@type\":\"ListItem\",\"position\":1,\"name\":\"Portada\",\"item\":\"https:\\\/\\\/cronuts.digital\\\/ca\\\/consultora-de-marqueting-digital-per-escalar-negocis\\\/\"},{\"@type\":\"ListItem\",\"position\":2,\"name\":\"Pol\u00edtica de privadesa\",\"item\":\"https:\\\/\\\/cronuts.digital\\\/ca\\\/wp-json\\\/wp\\\/v2\\\/pages\\\/58903\\\/\"}]},{\"@type\":\"WebSite\",\"@id\":\"https:\\\/\\\/cronuts.digital\\\/ca\\\/#website\",\"url\":\"https:\\\/\\\/cronuts.digital\\\/ca\\\/\",\"name\":\"CRONUTS.DIGITAL\",\"description\":\"CRONUTS.DIGITAL es una consultora de crecimiento que redise\u00f1a el sistema digital de empresas que ya no pueden permitirse seguir igual.\",\"publisher\":{\"@id\":\"https:\\\/\\\/cronuts.digital\\\/ca\\\/#organization\"},\"alternateName\":\"Cronuts Digital\",\"potentialAction\":[{\"@type\":\"SearchAction\",\"target\":{\"@type\":\"EntryPoint\",\"urlTemplate\":\"https:\\\/\\\/cronuts.digital\\\/ca\\\/?s={search_term_string}\"},\"query-input\":{\"@type\":\"PropertyValueSpecification\",\"valueRequired\":true,\"valueName\":\"search_term_string\"}}],\"inLanguage\":\"ca\"},{\"@type\":\"Organization\",\"@id\":\"https:\\\/\\\/cronuts.digital\\\/ca\\\/#organization\",\"name\":\"CRONUTS.DIGITAL\",\"alternateName\":\"Cronuts Digital\",\"url\":\"https:\\\/\\\/cronuts.digital\\\/ca\\\/\",\"logo\":{\"@type\":\"ImageObject\",\"inLanguage\":\"ca\",\"@id\":\"https:\\\/\\\/cronuts.digital\\\/ca\\\/#\\\/schema\\\/logo\\\/image\\\/\",\"url\":\"https:\\\/\\\/cronuts.digital\\\/wp-content\\\/uploads\\\/2025\\\/09\\\/cronuts_digital_logo-1.jpeg\",\"contentUrl\":\"https:\\\/\\\/cronuts.digital\\\/wp-content\\\/uploads\\\/2025\\\/09\\\/cronuts_digital_logo-1.jpeg\",\"width\":200,\"height\":200,\"caption\":\"CRONUTS.DIGITAL\"},\"image\":{\"@id\":\"https:\\\/\\\/cronuts.digital\\\/ca\\\/#\\\/schema\\\/logo\\\/image\\\/\"},\"sameAs\":[\"https:\\\/\\\/www.facebook.com\\\/cronutsdigital\\\/\",\"https:\\\/\\\/x.com\\\/cronuts_digital\",\"https:\\\/\\\/www.linkedin.com\\\/company\\\/cronuts-digital\\\/\",\"https:\\\/\\\/www.tiktok.com\\\/@cronuts.digital\",\"https:\\\/\\\/www.instagram.com\\\/cronuts.digital\\\/\",\"https:\\\/\\\/www.youtube.com\\\/@cronutsdigital\",\"https:\\\/\\\/www.wikidata.org\\\/wiki\\\/Q139014139\"],\"description\":\"Agencia de Growth Marketing en Barcelona. Dise\u00f1amos, ejecutamos y escalamos sistemas de crecimiento digital medibles para PYMEs y empresas B2B.\",\"email\":\"info@cronuts.digital\",\"telephone\":\"+34722525769\",\"legalName\":\"FIUS TRADE, S.L.\",\"foundingDate\":\"2022\",\"vatID\":\"B67049718\",\"taxID\":\"B67049718\",\"numberOfEmployees\":{\"@type\":\"QuantitativeValue\",\"minValue\":\"15\",\"maxValue\":\"20\"}}]}<\/script>\n<!-- \/ Yoast SEO Premium plugin. -->","yoast_head_json":{"title":"Pol\u00edtica de privadesa - CRONUTS.DIGITAL","robots":{"index":"noindex","follow":"nofollow"},"og_locale":"ca_ES","og_type":"article","og_title":"Pol\u00edtica de privadesa","og_description":"Pol\u00edtica de privadesa Responsable del tractament CRONUTS DIGITAL SL \u00e9s la responsable de salvaguardar els teus drets i respondre les consultes sobre la protecci\u00f3 de les teves dades. Podeu posar-vos en contacte amb nosaltres a trav\u00e9s del correu info@cronuts.digital o tel\u00e8fon +34 645 25 73 65. Finalitat del tractament Les dades personals de clients es [&hellip;]","og_url":"https:\/\/cronuts.digital\/ca\/politica-de-privacitat\/","og_site_name":"CRONUTS.DIGITAL","article_publisher":"https:\/\/www.facebook.com\/cronutsdigital\/","article_modified_time":"2026-05-01T17:28:39+00:00","og_image":[{"width":2560,"height":1429,"url":"https:\/\/cronuts.digital\/wp-content\/uploads\/2026\/04\/og-image-cronuts-digital-2026-scaled.jpg","type":"image\/jpeg"}],"twitter_card":"summary_large_image","twitter_site":"@cronuts_digital","twitter_misc":{"Temps estimat de lectura":"4 minuts"},"schema":{"@context":"https:\/\/schema.org","@graph":[{"@type":"WebPage","@id":"https:\/\/cronuts.digital\/ca\/politica-de-privacitat\/","url":"https:\/\/cronuts.digital\/ca\/politica-de-privacitat\/","name":"Pol\u00edtica de privadesa - CRONUTS.DIGITAL","isPartOf":{"@id":"https:\/\/cronuts.digital\/ca\/#website"},"datePublished":"2025-08-25T07:55:12+00:00","dateModified":"2026-05-01T17:28:39+00:00","breadcrumb":{"@id":"https:\/\/cronuts.digital\/ca\/politica-de-privacitat\/#breadcrumb"},"inLanguage":"ca","potentialAction":[{"@type":"ReadAction","target":["https:\/\/cronuts.digital\/ca\/politica-de-privacitat\/"]}]},{"@type":"BreadcrumbList","@id":"https:\/\/cronuts.digital\/ca\/politica-de-privacitat\/#breadcrumb","itemListElement":[{"@type":"ListItem","position":1,"name":"Portada","item":"https:\/\/cronuts.digital\/ca\/consultora-de-marqueting-digital-per-escalar-negocis\/"},{"@type":"ListItem","position":2,"name":"Pol\u00edtica de privadesa","item":"https:\/\/cronuts.digital\/ca\/wp-json\/wp\/v2\/pages\/58903\/"}]},{"@type":"WebSite","@id":"https:\/\/cronuts.digital\/ca\/#website","url":"https:\/\/cronuts.digital\/ca\/","name":"CRONUTS.DIGITAL","description":"CRONUTS.DIGITAL es una consultora de crecimiento que redise\u00f1a el sistema digital de empresas que ya no pueden permitirse seguir igual.","publisher":{"@id":"https:\/\/cronuts.digital\/ca\/#organization"},"alternateName":"Cronuts Digital","potentialAction":[{"@type":"SearchAction","target":{"@type":"EntryPoint","urlTemplate":"https:\/\/cronuts.digital\/ca\/?s={search_term_string}"},"query-input":{"@type":"PropertyValueSpecification","valueRequired":true,"valueName":"search_term_string"}}],"inLanguage":"ca"},{"@type":"Organization","@id":"https:\/\/cronuts.digital\/ca\/#organization","name":"CRONUTS.DIGITAL","alternateName":"Cronuts Digital","url":"https:\/\/cronuts.digital\/ca\/","logo":{"@type":"ImageObject","inLanguage":"ca","@id":"https:\/\/cronuts.digital\/ca\/#\/schema\/logo\/image\/","url":"https:\/\/cronuts.digital\/wp-content\/uploads\/2025\/09\/cronuts_digital_logo-1.jpeg","contentUrl":"https:\/\/cronuts.digital\/wp-content\/uploads\/2025\/09\/cronuts_digital_logo-1.jpeg","width":200,"height":200,"caption":"CRONUTS.DIGITAL"},"image":{"@id":"https:\/\/cronuts.digital\/ca\/#\/schema\/logo\/image\/"},"sameAs":["https:\/\/www.facebook.com\/cronutsdigital\/","https:\/\/x.com\/cronuts_digital","https:\/\/www.linkedin.com\/company\/cronuts-digital\/","https:\/\/www.tiktok.com\/@cronuts.digital","https:\/\/www.instagram.com\/cronuts.digital\/","https:\/\/www.youtube.com\/@cronutsdigital","https:\/\/www.wikidata.org\/wiki\/Q139014139"],"description":"Agencia de Growth Marketing en Barcelona. Dise\u00f1amos, ejecutamos y escalamos sistemas de crecimiento digital medibles para PYMEs y empresas B2B.","email":"info@cronuts.digital","telephone":"+34722525769","legalName":"FIUS TRADE, S.L.","foundingDate":"2022","vatID":"B67049718","taxID":"B67049718","numberOfEmployees":{"@type":"QuantitativeValue","minValue":"15","maxValue":"20"}}]}},"_links":{"self":[{"href":"https:\/\/cronuts.digital\/ca\/wp-json\/wp\/v2\/pages\/58903","targetHints":{"allow":["GET"]}}],"collection":[{"href":"https:\/\/cronuts.digital\/ca\/wp-json\/wp\/v2\/pages"}],"about":[{"href":"https:\/\/cronuts.digital\/ca\/wp-json\/wp\/v2\/types\/page"}],"author":[{"embeddable":true,"href":"https:\/\/cronuts.digital\/ca\/wp-json\/wp\/v2\/users\/4"}],"replies":[{"embeddable":true,"href":"https:\/\/cronuts.digital\/ca\/wp-json\/wp\/v2\/comments?post=58903"}],"version-history":[{"count":2,"href":"https:\/\/cronuts.digital\/ca\/wp-json\/wp\/v2\/pages\/58903\/revisions"}],"predecessor-version":[{"id":69001,"href":"https:\/\/cronuts.digital\/ca\/wp-json\/wp\/v2\/pages\/58903\/revisions\/69001"}],"wp:attachment":[{"href":"https:\/\/cronuts.digital\/ca\/wp-json\/wp\/v2\/media?parent=58903"}],"curies":[{"name":"wp","href":"https:\/\/api.w.org\/{rel}","templated":true}]}}