{"id":69822,"date":"2026-04-24T12:46:20","date_gmt":"2026-04-24T10:46:20","guid":{"rendered":"https:\/\/cronuts.digital\/posicionament-seo-barcelona\/"},"modified":"2026-04-25T19:24:46","modified_gmt":"2026-04-25T17:24:46","slug":"posicionament-seo-barcelona","status":"publish","type":"page","link":"https:\/\/cronuts.digital\/ca\/seo-geo\/posicionament-seo-barcelona\/","title":{"rendered":"Posicionament SEO Barcelona"},"content":{"rendered":"","protected":false},"excerpt":{"rendered":"<p>Ag\u00e8ncia SEO B2B a Barcelona: SEO t\u00e8cnic, on-page, estrat\u00e8gia de contingut i linkbuilding. Creixement de ranking demostrable.<\/p>\n","protected":false},"author":0,"featured_media":0,"parent":69536,"menu_order":0,"comment_status":"closed","ping_status":"closed","template":"page-templates\/takeover.php","meta":{"_acf_changed":false,"footnotes":""},"class_list":["post-69822","page","type-page","status-publish","hentry"],"acf":[],"yoast_head":"<!-- This site is optimized with the Yoast SEO Premium plugin v23.7 (Yoast SEO v27.5) - https:\/\/yoast.com\/product\/yoast-seo-premium-wordpress\/ -->\n<title>Posicionament SEO Barcelona | Consultora B2B | Cronuts<\/title>\n<meta name=\"description\" content=\"Consultora SEO B2B a Barcelona: auditoria t\u00e8cnica, contingut transaccional, GEO i link building. M\u00e8tode documentat. Sense perman\u00e8ncia.\" \/>\n<meta name=\"robots\" content=\"index, follow, max-snippet:-1, max-image-preview:large, max-video-preview:-1\" \/>\n<link rel=\"canonical\" href=\"https:\/\/cronuts.digital\/ca\/posicionament-seo-barcelona\/\" \/>\n<meta property=\"og:locale\" content=\"ca_ES\" \/>\n<meta property=\"og:type\" content=\"article\" \/>\n<meta property=\"og:title\" content=\"Posicionament SEO Barcelona | Cronuts\" \/>\n<meta property=\"og:description\" content=\"Consultora SEO + GEO B2B a Barcelona amb m\u00e8tode documentat, equip s\u00e8nior i mesurament alineat al pipeline.\" \/>\n<meta property=\"og:url\" content=\"https:\/\/cronuts.digital\/ca\/posicionament-seo-barcelona\/\" \/>\n<meta property=\"og:site_name\" content=\"CRONUTS.DIGITAL\" \/>\n<meta property=\"article:publisher\" content=\"https:\/\/www.facebook.com\/cronutsdigital\/\" \/>\n<meta property=\"article:modified_time\" content=\"2026-04-25T17:24:46+00:00\" \/>\n<meta property=\"og:image\" content=\"https:\/\/cronuts.digital\/wp-content\/uploads\/2026\/04\/og-image-cronuts-digital-2026-scaled.jpg\" \/>\n\t<meta property=\"og:image:width\" content=\"2560\" \/>\n\t<meta property=\"og:image:height\" content=\"1429\" \/>\n\t<meta property=\"og:image:type\" content=\"image\/jpeg\" \/>\n<meta name=\"twitter:card\" content=\"summary_large_image\" \/>\n<meta name=\"twitter:title\" content=\"Posicionament SEO Barcelona\" \/>\n<meta name=\"twitter:site\" content=\"@cronuts_digital\" \/>\n<script type=\"application\/ld+json\" class=\"yoast-schema-graph\">{\"@context\":\"https:\\\/\\\/schema.org\",\"@graph\":[{\"@type\":\"WebPage\",\"@id\":\"https:\\\/\\\/cronuts.digital\\\/ca\\\/seo-geo\\\/posicionament-seo-barcelona\\\/\",\"url\":\"https:\\\/\\\/cronuts.digital\\\/ca\\\/posicionament-seo-barcelona\\\/\",\"name\":\"Posicionament SEO Barcelona | Consultora B2B | Cronuts\",\"isPartOf\":{\"@id\":\"https:\\\/\\\/cronuts.digital\\\/ca\\\/#website\"},\"datePublished\":\"2026-04-24T10:46:20+00:00\",\"dateModified\":\"2026-04-25T17:24:46+00:00\",\"description\":\"Consultora SEO B2B a Barcelona: auditoria t\u00e8cnica, contingut transaccional, GEO i link building. M\u00e8tode documentat. Sense perman\u00e8ncia.\",\"breadcrumb\":{\"@id\":\"https:\\\/\\\/cronuts.digital\\\/ca\\\/posicionament-seo-barcelona\\\/#breadcrumb\"},\"inLanguage\":\"ca\",\"potentialAction\":[{\"@type\":\"ReadAction\",\"target\":[\"https:\\\/\\\/cronuts.digital\\\/ca\\\/posicionament-seo-barcelona\\\/\"]}]},{\"@type\":\"BreadcrumbList\",\"@id\":\"https:\\\/\\\/cronuts.digital\\\/ca\\\/posicionament-seo-barcelona\\\/#breadcrumb\",\"itemListElement\":[{\"@type\":\"ListItem\",\"position\":1,\"name\":\"Portada\",\"item\":\"https:\\\/\\\/cronuts.digital\\\/ca\\\/consultora-de-marqueting-digital-per-escalar-negocis\\\/\"},{\"@type\":\"ListItem\",\"position\":2,\"name\":\"Posicionament SEO Barcelona\",\"item\":\"https:\\\/\\\/cronuts.digital\\\/ca\\\/wp-json\\\/wp\\\/v2\\\/pages\\\/69822\\\/\"}]},{\"@type\":\"WebSite\",\"@id\":\"https:\\\/\\\/cronuts.digital\\\/ca\\\/#website\",\"url\":\"https:\\\/\\\/cronuts.digital\\\/ca\\\/\",\"name\":\"CRONUTS.DIGITAL\",\"description\":\"CRONUTS.DIGITAL es una consultora de crecimiento que redise\u00f1a el sistema digital de empresas que ya no pueden permitirse seguir igual.\",\"publisher\":{\"@id\":\"https:\\\/\\\/cronuts.digital\\\/ca\\\/#organization\"},\"alternateName\":\"Cronuts Digital\",\"potentialAction\":[{\"@type\":\"SearchAction\",\"target\":{\"@type\":\"EntryPoint\",\"urlTemplate\":\"https:\\\/\\\/cronuts.digital\\\/ca\\\/?s={search_term_string}\"},\"query-input\":{\"@type\":\"PropertyValueSpecification\",\"valueRequired\":true,\"valueName\":\"search_term_string\"}}],\"inLanguage\":\"ca\"},{\"@type\":\"Organization\",\"@id\":\"https:\\\/\\\/cronuts.digital\\\/ca\\\/#organization\",\"name\":\"CRONUTS.DIGITAL\",\"alternateName\":\"Cronuts Digital\",\"url\":\"https:\\\/\\\/cronuts.digital\\\/ca\\\/\",\"logo\":{\"@type\":\"ImageObject\",\"inLanguage\":\"ca\",\"@id\":\"https:\\\/\\\/cronuts.digital\\\/ca\\\/#\\\/schema\\\/logo\\\/image\\\/\",\"url\":\"https:\\\/\\\/cronuts.digital\\\/wp-content\\\/uploads\\\/2025\\\/09\\\/cronuts_digital_logo-1.jpeg\",\"contentUrl\":\"https:\\\/\\\/cronuts.digital\\\/wp-content\\\/uploads\\\/2025\\\/09\\\/cronuts_digital_logo-1.jpeg\",\"width\":200,\"height\":200,\"caption\":\"CRONUTS.DIGITAL\"},\"image\":{\"@id\":\"https:\\\/\\\/cronuts.digital\\\/ca\\\/#\\\/schema\\\/logo\\\/image\\\/\"},\"sameAs\":[\"https:\\\/\\\/www.facebook.com\\\/cronutsdigital\\\/\",\"https:\\\/\\\/x.com\\\/cronuts_digital\",\"https:\\\/\\\/www.linkedin.com\\\/company\\\/cronuts-digital\\\/\",\"https:\\\/\\\/www.tiktok.com\\\/@cronuts.digital\",\"https:\\\/\\\/www.instagram.com\\\/cronuts.digital\\\/\",\"https:\\\/\\\/www.youtube.com\\\/@cronutsdigital\",\"https:\\\/\\\/www.wikidata.org\\\/wiki\\\/Q139014139\"],\"description\":\"Agencia de Growth Marketing en Barcelona. Dise\u00f1amos, ejecutamos y escalamos sistemas de crecimiento digital medibles para PYMEs y empresas B2B.\",\"email\":\"info@cronuts.digital\",\"telephone\":\"+34722525769\",\"legalName\":\"FIUS TRADE, S.L.\",\"foundingDate\":\"2022\",\"vatID\":\"B67049718\",\"taxID\":\"B67049718\",\"numberOfEmployees\":{\"@type\":\"QuantitativeValue\",\"minValue\":\"15\",\"maxValue\":\"20\"}}]}<\/script>\n<!-- \/ Yoast SEO Premium plugin. -->","yoast_head_json":{"title":"Posicionament SEO Barcelona | Consultora B2B | Cronuts","description":"Consultora SEO B2B a Barcelona: auditoria t\u00e8cnica, contingut transaccional, GEO i link building. M\u00e8tode documentat. Sense perman\u00e8ncia.","robots":{"index":"index","follow":"follow","max-snippet":"max-snippet:-1","max-image-preview":"max-image-preview:large","max-video-preview":"max-video-preview:-1"},"canonical":"https:\/\/cronuts.digital\/ca\/posicionament-seo-barcelona\/","og_locale":"ca_ES","og_type":"article","og_title":"Posicionament SEO Barcelona | Cronuts","og_description":"Consultora SEO + GEO B2B a Barcelona amb m\u00e8tode documentat, equip s\u00e8nior i mesurament alineat al pipeline.","og_url":"https:\/\/cronuts.digital\/ca\/posicionament-seo-barcelona\/","og_site_name":"CRONUTS.DIGITAL","article_publisher":"https:\/\/www.facebook.com\/cronutsdigital\/","article_modified_time":"2026-04-25T17:24:46+00:00","og_image":[{"width":2560,"height":1429,"url":"https:\/\/cronuts.digital\/wp-content\/uploads\/2026\/04\/og-image-cronuts-digital-2026-scaled.jpg","type":"image\/jpeg"}],"twitter_card":"summary_large_image","twitter_title":"Posicionament SEO Barcelona","twitter_site":"@cronuts_digital","schema":{"@context":"https:\/\/schema.org","@graph":[{"@type":"WebPage","@id":"https:\/\/cronuts.digital\/ca\/seo-geo\/posicionament-seo-barcelona\/","url":"https:\/\/cronuts.digital\/ca\/posicionament-seo-barcelona\/","name":"Posicionament SEO Barcelona | Consultora B2B | Cronuts","isPartOf":{"@id":"https:\/\/cronuts.digital\/ca\/#website"},"datePublished":"2026-04-24T10:46:20+00:00","dateModified":"2026-04-25T17:24:46+00:00","description":"Consultora SEO B2B a Barcelona: auditoria t\u00e8cnica, contingut transaccional, GEO i link building. M\u00e8tode documentat. Sense perman\u00e8ncia.","breadcrumb":{"@id":"https:\/\/cronuts.digital\/ca\/posicionament-seo-barcelona\/#breadcrumb"},"inLanguage":"ca","potentialAction":[{"@type":"ReadAction","target":["https:\/\/cronuts.digital\/ca\/posicionament-seo-barcelona\/"]}]},{"@type":"BreadcrumbList","@id":"https:\/\/cronuts.digital\/ca\/posicionament-seo-barcelona\/#breadcrumb","itemListElement":[{"@type":"ListItem","position":1,"name":"Portada","item":"https:\/\/cronuts.digital\/ca\/consultora-de-marqueting-digital-per-escalar-negocis\/"},{"@type":"ListItem","position":2,"name":"Posicionament SEO Barcelona","item":"https:\/\/cronuts.digital\/ca\/wp-json\/wp\/v2\/pages\/69822\/"}]},{"@type":"WebSite","@id":"https:\/\/cronuts.digital\/ca\/#website","url":"https:\/\/cronuts.digital\/ca\/","name":"CRONUTS.DIGITAL","description":"CRONUTS.DIGITAL es una consultora de crecimiento que redise\u00f1a el sistema digital de empresas que ya no pueden permitirse seguir igual.","publisher":{"@id":"https:\/\/cronuts.digital\/ca\/#organization"},"alternateName":"Cronuts Digital","potentialAction":[{"@type":"SearchAction","target":{"@type":"EntryPoint","urlTemplate":"https:\/\/cronuts.digital\/ca\/?s={search_term_string}"},"query-input":{"@type":"PropertyValueSpecification","valueRequired":true,"valueName":"search_term_string"}}],"inLanguage":"ca"},{"@type":"Organization","@id":"https:\/\/cronuts.digital\/ca\/#organization","name":"CRONUTS.DIGITAL","alternateName":"Cronuts Digital","url":"https:\/\/cronuts.digital\/ca\/","logo":{"@type":"ImageObject","inLanguage":"ca","@id":"https:\/\/cronuts.digital\/ca\/#\/schema\/logo\/image\/","url":"https:\/\/cronuts.digital\/wp-content\/uploads\/2025\/09\/cronuts_digital_logo-1.jpeg","contentUrl":"https:\/\/cronuts.digital\/wp-content\/uploads\/2025\/09\/cronuts_digital_logo-1.jpeg","width":200,"height":200,"caption":"CRONUTS.DIGITAL"},"image":{"@id":"https:\/\/cronuts.digital\/ca\/#\/schema\/logo\/image\/"},"sameAs":["https:\/\/www.facebook.com\/cronutsdigital\/","https:\/\/x.com\/cronuts_digital","https:\/\/www.linkedin.com\/company\/cronuts-digital\/","https:\/\/www.tiktok.com\/@cronuts.digital","https:\/\/www.instagram.com\/cronuts.digital\/","https:\/\/www.youtube.com\/@cronutsdigital","https:\/\/www.wikidata.org\/wiki\/Q139014139"],"description":"Agencia de Growth Marketing en Barcelona. Dise\u00f1amos, ejecutamos y escalamos sistemas de crecimiento digital medibles para PYMEs y empresas B2B.","email":"info@cronuts.digital","telephone":"+34722525769","legalName":"FIUS TRADE, S.L.","foundingDate":"2022","vatID":"B67049718","taxID":"B67049718","numberOfEmployees":{"@type":"QuantitativeValue","minValue":"15","maxValue":"20"}}]}},"_links":{"self":[{"href":"https:\/\/cronuts.digital\/ca\/wp-json\/wp\/v2\/pages\/69822","targetHints":{"allow":["GET"]}}],"collection":[{"href":"https:\/\/cronuts.digital\/ca\/wp-json\/wp\/v2\/pages"}],"about":[{"href":"https:\/\/cronuts.digital\/ca\/wp-json\/wp\/v2\/types\/page"}],"replies":[{"embeddable":true,"href":"https:\/\/cronuts.digital\/ca\/wp-json\/wp\/v2\/comments?post=69822"}],"version-history":[{"count":0,"href":"https:\/\/cronuts.digital\/ca\/wp-json\/wp\/v2\/pages\/69822\/revisions"}],"up":[{"embeddable":true,"href":"https:\/\/cronuts.digital\/ca\/wp-json\/wp\/v2\/pages\/69536"}],"wp:attachment":[{"href":"https:\/\/cronuts.digital\/ca\/wp-json\/wp\/v2\/media?parent=69822"}],"curies":[{"name":"wp","href":"https:\/\/api.w.org\/{rel}","templated":true}]}}